{"id":653,"date":"2025-07-10T12:58:48","date_gmt":"2025-07-10T09:58:48","guid":{"rendered":"https:\/\/luonnollisesti.fi\/valinevuokraus-kajaanissa\/"},"modified":"2025-08-05T14:21:09","modified_gmt":"2025-08-05T11:21:09","slug":"equipment-rental-in-kajaani","status":"publish","type":"page","link":"https:\/\/luonnollisesti.fi\/en\/equipment-rental-in-kajaani\/","title":{"rendered":"Equipment rental in Kajaani"},"content":{"rendered":"\n<div style=\"height:4em\" aria-hidden=\"true\" class=\"wp-block-spacer\"><\/div>\n\n\n\n<div class=\"wp-block-columns is-layout-flex wp-container-core-columns-is-layout-28f84493 wp-block-columns-is-layout-flex\">\n<div class=\"wp-block-column is-layout-flow wp-block-column-is-layout-flow\">\n<h3 class=\"wp-block-heading has-blue-color has-text-color has-link-color has-small-font-size wp-elements-1fd6ccca65f73452fba938e3e1a7e2bf\">Equipment rental<br>Kajaani, rikulantie<\/h3>\n\n\n\n<p>Our rental property at Rikulantie 10 is open year-round by agreement.<\/p>\n<\/div>\n\n\n\n<div class=\"wp-block-column is-layout-flow wp-block-column-is-layout-flow\">\n<h3 class=\"wp-block-heading has-blue-color has-text-color has-link-color has-small-font-size wp-elements-c4e083f1af971716c71f3b852472533c\">Equipment rental<br>\u00c4rj\u00e4nsaari Island<\/h3>\n\n\n\n<p>The \u00c4rj\u00e4nsaari rental shop operates in conjunction with the summer kiosk and is open from June 1 to August 15 every day from 11 a.m. to 4 p.m. or by appointment.<\/p>\n<\/div>\n\n\n\n<div class=\"wp-block-column is-layout-flow wp-block-column-is-layout-flow\">\n<h3 class=\"wp-block-heading has-blue-color has-text-color has-link-color has-small-font-size wp-elements-5667ef4845ea84e8a0ff87c75d2ec2c8\">Equipment rental<br>Kajaani, Py\u00f6rre Farm<\/h3>\n\n\n\n<p>You can inquire about the opening hours of the Py\u00f6rre rental point by calling <a href=\"tel:+358503403013\">+358 50 340 3013<\/a>.<\/p>\n<\/div>\n<\/div>\n\n\n\n<div style=\"height:4em\" aria-hidden=\"true\" class=\"wp-block-spacer\"><\/div>\n\n\n\n<div class=\"wp-block-columns is-layout-flex wp-container-core-columns-is-layout-28f84493 wp-block-columns-is-layout-flex\">\n<div class=\"wp-block-column is-layout-flow wp-block-column-is-layout-flow\" style=\"flex-basis:70%\">\n<h3 class=\"wp-block-heading has-blue-color has-text-color has-link-color has-small-font-size wp-elements-30e7374f55382a15bf5090e88af8d9e6\">Reserve rental equipment by calling:<\/h3>\n<\/div>\n\n\n\n<div class=\"wp-block-column is-layout-flow wp-block-column-is-layout-flow\" style=\"flex-basis:30%\">\n<div class=\"wp-block-buttons is-layout-flex wp-block-buttons-is-layout-flex\">\n<div class=\"wp-block-button\"><a class=\"wp-block-button__link wp-element-button\" href=\"tel:+358503403013\">+358 50 340 3013<\/a><\/div>\n<\/div>\n<\/div>\n<\/div>\n\n\n\n<div style=\"height:4em\" aria-hidden=\"true\" class=\"wp-block-spacer\"><\/div>\n\n\n\n<div id=\"equipments-block_60159eef41144a797402f051a6eea40b\" class=\"equipments-block alignwide\">\n\n\t\n\t\t<div class=\"equipments-block__content\">\n\t\t\t<div class=\"equipments-block__content__grid\">\n\n\t\t\t\t\t\t\t\t\t\n\t<div class=\"equipment\">\n\t\t<div class=\"content\">\n\n\t\t\t<div class=\"image\">\n\t\t\t\t\t\t\t\t\t<img decoding=\"async\" src=\"https:\/\/luonnollisesti.fi\/wp-content\/uploads\/2025\/07\/kanootti-melonta-oulujarvi-kajakin-kanootit-vuokraus-300x225.webp\" loading=\"lazy\" width=\"300\" height=\"225\" srcset=\"https:\/\/luonnollisesti.fi\/wp-content\/uploads\/2025\/07\/kanootti-melonta-oulujarvi-kajakin-kanootit-vuokraus-300x225.webp 300w, https:\/\/luonnollisesti.fi\/wp-content\/uploads\/2025\/07\/kanootti-melonta-oulujarvi-kajakin-kanootit-vuokraus-1024x768.webp 1024w, https:\/\/luonnollisesti.fi\/wp-content\/uploads\/2025\/07\/kanootti-melonta-oulujarvi-kajakin-kanootit-vuokraus-768x576.webp 768w, https:\/\/luonnollisesti.fi\/wp-content\/uploads\/2025\/07\/kanootti-melonta-oulujarvi-kajakin-kanootit-vuokraus-1536x1152.webp 1536w, https:\/\/luonnollisesti.fi\/wp-content\/uploads\/2025\/07\/kanootti-melonta-oulujarvi-kajakin-kanootit-vuokraus-1920x1440.webp 1920w, https:\/\/luonnollisesti.fi\/wp-content\/uploads\/2025\/07\/kanootti-melonta-oulujarvi-kajakin-kanootit-vuokraus-1600x1200.webp 1600w, https:\/\/luonnollisesti.fi\/wp-content\/uploads\/2025\/07\/kanootti-melonta-oulujarvi-kajakin-kanootit-vuokraus.webp 2048w\" alt=\"\">\n\t\t\t\t\t\t\t<\/div><!-- .image -->\n\n\t\t\t<div class=\"text\">\n\t\t\t\t<div class=\"description\">\n\t\t\t\t\t\t\t\t\t\t\t<p class=\"heading\">Kayak unit<\/p>\n\t\t\t\t\t\n\t\t\t\t\t\t\t\t\t\t\t<p class=\"hyphenate\">The price includes 1 x single kayak, paddle, spray skirt, life jacket (50N)<\/p>\n\t\t\t\t\t\n\t\t\t\t\t\t\t\t\t<\/div><!-- .description -->\n\t\t\t\t\n\t\t\t\t\t\t\t\t\t<div class=\"prices\">\n\t\t\t\t\t\t\t\t\t\t\t\t\t\n\t\t\t\t\t\t\t\t\t\t\t\t\t\t\t<div class=\"price\">\n\t\t\t\t\t\t\t\t\t<p class=\"number\">20 \u20ac<\/p>\n\t\t\t\t\t\t\t\t\t<p class=\"detail\">1 hour<\/p>\n\t\t\t\t\t\t\t\t<\/div><!-- .price -->\n\t\t\t\t\t\t\t\n\t\t\t\t\t\t\t\t\t\t\t\t\t\n\t\t\t\t\t\t\t\t\t\t\t\t\t\t\t<div class=\"price\">\n\t\t\t\t\t\t\t\t\t<p class=\"number\">30 \u20ac<\/p>\n\t\t\t\t\t\t\t\t\t<p class=\"detail\">3 hours<\/p>\n\t\t\t\t\t\t\t\t<\/div><!-- .price -->\n\t\t\t\t\t\t\t\n\t\t\t\t\t\t\t\t\t\t\t\t\t\n\t\t\t\t\t\t\t\t\t\t\t\t\t\t\t<div class=\"price\">\n\t\t\t\t\t\t\t\t\t<p class=\"number\">40 \u20ac<\/p>\n\t\t\t\t\t\t\t\t\t<p class=\"detail\">day<\/p>\n\t\t\t\t\t\t\t\t<\/div><!-- .price -->\n\t\t\t\t\t\t\t\n\t\t\t\t\t\t\t\t\t\t\t<\/div><!-- .prices -->\n\t\t\t\t\t\t\t<\/div><!-- .text -->\n\n\t\t<\/div><!-- .content -->\n\t<\/div><!-- .equipment -->\n\n\t\t\t\t\t\t\t\t\t\t\n\t<div class=\"equipment\">\n\t\t<div class=\"content\">\n\n\t\t\t<div class=\"image\">\n\t\t\t\t\t\t\t\t\t<img decoding=\"async\" src=\"https:\/\/luonnollisesti.fi\/wp-content\/uploads\/2025\/07\/vuokrattavat-kajakit-kahdelle-kajaani-luonnollisesti-oulujarvi-300x300.jpg\" loading=\"lazy\" width=\"300\" height=\"300\" srcset=\"https:\/\/luonnollisesti.fi\/wp-content\/uploads\/2025\/07\/vuokrattavat-kajakit-kahdelle-kajaani-luonnollisesti-oulujarvi-300x300.jpg 300w, https:\/\/luonnollisesti.fi\/wp-content\/uploads\/2025\/07\/vuokrattavat-kajakit-kahdelle-kajaani-luonnollisesti-oulujarvi-150x150.jpg 150w, https:\/\/luonnollisesti.fi\/wp-content\/uploads\/2025\/07\/vuokrattavat-kajakit-kahdelle-kajaani-luonnollisesti-oulujarvi.jpg 350w\" alt=\"vuokrattavat kajakit kajaani, rental kayak in kajaani, arctic lakeland\">\n\t\t\t\t\t\t\t<\/div><!-- .image -->\n\n\t\t\t<div class=\"text\">\n\t\t\t\t<div class=\"description\">\n\t\t\t\t\t\t\t\t\t\t\t<p class=\"heading\">Kayak duo<\/p>\n\t\t\t\t\t\n\t\t\t\t\t\t\t\t\t\t\t<p class=\"hyphenate\">The price includes 1x double kayak, 2x kayak paddles, 2x spray skirts, 2x life jackets (50N)<\/p>\n\t\t\t\t\t\n\t\t\t\t\t\t\t\t\t<\/div><!-- .description -->\n\t\t\t\t\n\t\t\t\t\t\t\t\t\t<div class=\"prices\">\n\t\t\t\t\t\t\t\t\t\t\t\t\t\n\t\t\t\t\t\t\t\t\t\t\t\t\t\t\t<div class=\"price\">\n\t\t\t\t\t\t\t\t\t<p class=\"number\">30 \u20ac<\/p>\n\t\t\t\t\t\t\t\t\t<p class=\"detail\">1 hour<\/p>\n\t\t\t\t\t\t\t\t<\/div><!-- .price -->\n\t\t\t\t\t\t\t\n\t\t\t\t\t\t\t\t\t\t\t\t\t\n\t\t\t\t\t\t\t\t\t\t\t\t\t\t\t<div class=\"price\">\n\t\t\t\t\t\t\t\t\t<p class=\"number\">40 \u20ac<\/p>\n\t\t\t\t\t\t\t\t\t<p class=\"detail\">3 hours<\/p>\n\t\t\t\t\t\t\t\t<\/div><!-- .price -->\n\t\t\t\t\t\t\t\n\t\t\t\t\t\t\t\t\t\t\t\t\t\n\t\t\t\t\t\t\t\t\t\t\t\t\t\t\t<div class=\"price\">\n\t\t\t\t\t\t\t\t\t<p class=\"number\">60 \u20ac<\/p>\n\t\t\t\t\t\t\t\t\t<p class=\"detail\">day<\/p>\n\t\t\t\t\t\t\t\t<\/div><!-- .price -->\n\t\t\t\t\t\t\t\n\t\t\t\t\t\t\t\t\t\t\t<\/div><!-- .prices -->\n\t\t\t\t\t\t\t<\/div><!-- .text -->\n\n\t\t<\/div><!-- .content -->\n\t<\/div><!-- .equipment -->\n\n\t\t\t\t\t\t\t\t\t\t\n\t<div class=\"equipment\">\n\t\t<div class=\"content\">\n\n\t\t\t<div class=\"image\">\n\t\t\t\t\t\t\t\t\t<img decoding=\"async\" src=\"https:\/\/luonnollisesti.fi\/wp-content\/uploads\/2025\/07\/vuokrattavat-avokanootit-kajaani-luonnollisesti-oulujarvi-300x300.jpg\" loading=\"lazy\" width=\"300\" height=\"300\" srcset=\"https:\/\/luonnollisesti.fi\/wp-content\/uploads\/2025\/07\/vuokrattavat-avokanootit-kajaani-luonnollisesti-oulujarvi-300x300.jpg 300w, https:\/\/luonnollisesti.fi\/wp-content\/uploads\/2025\/07\/vuokrattavat-avokanootit-kajaani-luonnollisesti-oulujarvi-150x150.jpg 150w, https:\/\/luonnollisesti.fi\/wp-content\/uploads\/2025\/07\/vuokrattavat-avokanootit-kajaani-luonnollisesti-oulujarvi.jpg 350w\" alt=\"vuokrattavat kanootit kajaani, rental snow shoes in kajaani, arctic lakeland\">\n\t\t\t\t\t\t\t<\/div><!-- .image -->\n\n\t\t\t<div class=\"text\">\n\t\t\t\t<div class=\"description\">\n\t\t\t\t\t\t\t\t\t\t\t<p class=\"heading\">Open canoe<\/p>\n\t\t\t\t\t\n\t\t\t\t\t\t\t\t\t\t\t<p class=\"hyphenate\">The price includes 1 x open canoe, 2 x paddles, 2 x life jackets (50N)<\/p>\n\t\t\t\t\t\n\t\t\t\t\t\t\t\t\t<\/div><!-- .description -->\n\t\t\t\t\n\t\t\t\t\t\t\t\t\t<div class=\"prices\">\n\t\t\t\t\t\t\t\t\t\t\t\t\t\n\t\t\t\t\t\t\t\t\t\t\t\t\t\t\t<div class=\"price\">\n\t\t\t\t\t\t\t\t\t<p class=\"number\">30 \u20ac<\/p>\n\t\t\t\t\t\t\t\t\t<p class=\"detail\">1 hour<\/p>\n\t\t\t\t\t\t\t\t<\/div><!-- .price -->\n\t\t\t\t\t\t\t\n\t\t\t\t\t\t\t\t\t\t\t\t\t\n\t\t\t\t\t\t\t\t\t\t\t\t\t\t\t<div class=\"price\">\n\t\t\t\t\t\t\t\t\t<p class=\"number\">40 \u20ac<\/p>\n\t\t\t\t\t\t\t\t\t<p class=\"detail\">3 hours<\/p>\n\t\t\t\t\t\t\t\t<\/div><!-- .price -->\n\t\t\t\t\t\t\t\n\t\t\t\t\t\t\t\t\t\t\t\t\t\n\t\t\t\t\t\t\t\t\t\t\t\t\t\t\t<div class=\"price\">\n\t\t\t\t\t\t\t\t\t<p class=\"number\">60 \u20ac<\/p>\n\t\t\t\t\t\t\t\t\t<p class=\"detail\">day<\/p>\n\t\t\t\t\t\t\t\t<\/div><!-- .price -->\n\t\t\t\t\t\t\t\n\t\t\t\t\t\t\t\t\t\t\t<\/div><!-- .prices -->\n\t\t\t\t\t\t\t<\/div><!-- .text -->\n\n\t\t<\/div><!-- .content -->\n\t<\/div><!-- .equipment -->\n\n\t\t\t\t\t\t\t\t\t\t\n\t<div class=\"equipment\">\n\t\t<div class=\"content\">\n\n\t\t\t<div class=\"image\">\n\t\t\t\t\t\t\t\t\t<img decoding=\"async\" src=\"https:\/\/luonnollisesti.fi\/wp-content\/uploads\/2025\/07\/vuokrattavat-sup-laudat-kajaani-luonnollisesti-oulujarvi-300x300.jpg\" loading=\"lazy\" width=\"300\" height=\"300\" srcset=\"https:\/\/luonnollisesti.fi\/wp-content\/uploads\/2025\/07\/vuokrattavat-sup-laudat-kajaani-luonnollisesti-oulujarvi-300x300.jpg 300w, https:\/\/luonnollisesti.fi\/wp-content\/uploads\/2025\/07\/vuokrattavat-sup-laudat-kajaani-luonnollisesti-oulujarvi-150x150.jpg 150w, https:\/\/luonnollisesti.fi\/wp-content\/uploads\/2025\/07\/vuokrattavat-sup-laudat-kajaani-luonnollisesti-oulujarvi.jpg 350w\" alt=\"vuokrattavat sup laudat kajaani, rental sup boards in kajaani, arctic lakeland\">\n\t\t\t\t\t\t\t<\/div><!-- .image -->\n\n\t\t\t<div class=\"text\">\n\t\t\t\t<div class=\"description\">\n\t\t\t\t\t\t\t\t\t\t\t<p class=\"heading\">SUP board<\/p>\n\t\t\t\t\t\n\t\t\t\t\t\t\t\t\t\t\t<p class=\"hyphenate\">The price includes an inflatable SUP board, paddle, and life jacket (50N).<\/p>\n\t\t\t\t\t\n\t\t\t\t\t\t\t\t\t<\/div><!-- .description -->\n\t\t\t\t\n\t\t\t\t\t\t\t\t\t<div class=\"prices\">\n\t\t\t\t\t\t\t\t\t\t\t\t\t\n\t\t\t\t\t\t\t\t\t\t\t\t\t\t\t<div class=\"price\">\n\t\t\t\t\t\t\t\t\t<p class=\"number\">20 \u20ac<\/p>\n\t\t\t\t\t\t\t\t\t<p class=\"detail\">1 hour<\/p>\n\t\t\t\t\t\t\t\t<\/div><!-- .price -->\n\t\t\t\t\t\t\t\n\t\t\t\t\t\t\t\t\t\t\t\t\t\n\t\t\t\t\t\t\t\t\t\t\t\t\t\t\t<div class=\"price\">\n\t\t\t\t\t\t\t\t\t<p class=\"number\">30 \u20ac<\/p>\n\t\t\t\t\t\t\t\t\t<p class=\"detail\">3 hours<\/p>\n\t\t\t\t\t\t\t\t<\/div><!-- .price -->\n\t\t\t\t\t\t\t\n\t\t\t\t\t\t\t\t\t\t\t\t\t\n\t\t\t\t\t\t\t\t\t\t\t\t\t\t\t<div class=\"price\">\n\t\t\t\t\t\t\t\t\t<p class=\"number\">40 \u20ac<\/p>\n\t\t\t\t\t\t\t\t\t<p class=\"detail\">day<\/p>\n\t\t\t\t\t\t\t\t<\/div><!-- .price -->\n\t\t\t\t\t\t\t\n\t\t\t\t\t\t\t\t\t\t\t<\/div><!-- .prices -->\n\t\t\t\t\t\t\t<\/div><!-- .text -->\n\n\t\t<\/div><!-- .content -->\n\t<\/div><!-- .equipment -->\n\n\t\t\t\t\t\t\t\t\t\t\n\t<div class=\"equipment\">\n\t\t<div class=\"content\">\n\n\t\t\t<div class=\"image\">\n\t\t\t\t\t\t\t\t\t<img decoding=\"async\" src=\"https:\/\/luonnollisesti.fi\/wp-content\/uploads\/2025\/07\/vuokrattavat-maastopyorat-kajaani-luonnollisesti-oulujarvi-300x300.jpg\" loading=\"lazy\" width=\"300\" height=\"300\" srcset=\"https:\/\/luonnollisesti.fi\/wp-content\/uploads\/2025\/07\/vuokrattavat-maastopyorat-kajaani-luonnollisesti-oulujarvi-300x300.jpg 300w, https:\/\/luonnollisesti.fi\/wp-content\/uploads\/2025\/07\/vuokrattavat-maastopyorat-kajaani-luonnollisesti-oulujarvi-150x150.jpg 150w, https:\/\/luonnollisesti.fi\/wp-content\/uploads\/2025\/07\/vuokrattavat-maastopyorat-kajaani-luonnollisesti-oulujarvi.jpg 350w\" alt=\"vuokrattavat maastopyor\u00e4tt kajaani, rental mountain bikes in kajaani, arctic lakeland\">\n\t\t\t\t\t\t\t<\/div><!-- .image -->\n\n\t\t\t<div class=\"text\">\n\t\t\t\t<div class=\"description\">\n\t\t\t\t\t\t\t\t\t\t\t<p class=\"heading\">e-MTB<\/p>\n\t\t\t\t\t\n\t\t\t\t\t\t\t\t\t\t\t<p class=\"hyphenate\">Helkama XE10 electric-assisted MTB<\/p>\n\t\t\t\t\t\n\t\t\t\t\t\t\t\t\t<\/div><!-- .description -->\n\t\t\t\t\n\t\t\t\t\t\t\t\t\t<div class=\"prices\">\n\t\t\t\t\t\t\t\t\t\t\t\t\t\n\t\t\t\t\t\t\t\t\t\t\t\t\t\t\t<div class=\"price\">\n\t\t\t\t\t\t\t\t\t<p class=\"number\">45 \u20ac<\/p>\n\t\t\t\t\t\t\t\t\t<p class=\"detail\">3 hours<\/p>\n\t\t\t\t\t\t\t\t<\/div><!-- .price -->\n\t\t\t\t\t\t\t\n\t\t\t\t\t\t\t\t\t\t\t\t\t\n\t\t\t\t\t\t\t\t\t\t\t\t\t\t\t<div class=\"price\">\n\t\t\t\t\t\t\t\t\t<p class=\"number\">60 \u20ac<\/p>\n\t\t\t\t\t\t\t\t\t<p class=\"detail\">6 hours<\/p>\n\t\t\t\t\t\t\t\t<\/div><!-- .price -->\n\t\t\t\t\t\t\t\n\t\t\t\t\t\t\t\t\t\t\t<\/div><!-- .prices -->\n\t\t\t\t\t\t\t<\/div><!-- .text -->\n\n\t\t<\/div><!-- .content -->\n\t<\/div><!-- .equipment -->\n\n\t\t\t\t\t\t\t\t\t\t\n\t<div class=\"equipment\">\n\t\t<div class=\"content\">\n\n\t\t\t<div class=\"image\">\n\t\t\t\t\t\t\t\t\t<img decoding=\"async\" src=\"https:\/\/luonnollisesti.fi\/wp-content\/uploads\/2025\/07\/vuokrattavat-fatbiket-kajaani-luonnollisesti-oulujarvi-300x300.jpg\" loading=\"lazy\" width=\"300\" height=\"300\" srcset=\"https:\/\/luonnollisesti.fi\/wp-content\/uploads\/2025\/07\/vuokrattavat-fatbiket-kajaani-luonnollisesti-oulujarvi-300x300.jpg 300w, https:\/\/luonnollisesti.fi\/wp-content\/uploads\/2025\/07\/vuokrattavat-fatbiket-kajaani-luonnollisesti-oulujarvi-150x150.jpg 150w, https:\/\/luonnollisesti.fi\/wp-content\/uploads\/2025\/07\/vuokrattavat-fatbiket-kajaani-luonnollisesti-oulujarvi.jpg 350w\" alt=\"vuokrattavat fatbiket kajaani, rental fatbikes bicycles in kajaani, arctic lakeland\">\n\t\t\t\t\t\t\t<\/div><!-- .image -->\n\n\t\t\t<div class=\"text\">\n\t\t\t\t<div class=\"description\">\n\t\t\t\t\t\t\t\t\t\t\t<p class=\"heading\">Fatbike<\/p>\n\t\t\t\t\t\n\t\t\t\t\t\t\t\t\t\t\t<p class=\"hyphenate\">A fatbike powered by muscle power.<\/p>\n\t\t\t\t\t\n\t\t\t\t\t\t\t\t\t<\/div><!-- .description -->\n\t\t\t\t\n\t\t\t\t\t\t\t\t\t<div class=\"prices\">\n\t\t\t\t\t\t\t\t\t\t\t\t\t\n\t\t\t\t\t\t\t\t\t\t\t\t\t\t\t<div class=\"price\">\n\t\t\t\t\t\t\t\t\t<p class=\"number\">25 \u20ac<\/p>\n\t\t\t\t\t\t\t\t\t<p class=\"detail\">3 hours<\/p>\n\t\t\t\t\t\t\t\t<\/div><!-- .price -->\n\t\t\t\t\t\t\t\n\t\t\t\t\t\t\t\t\t\t\t\t\t\n\t\t\t\t\t\t\t\t\t\t\t\t\t\t\t<div class=\"price\">\n\t\t\t\t\t\t\t\t\t<p class=\"number\">40 \u20ac<\/p>\n\t\t\t\t\t\t\t\t\t<p class=\"detail\">6 hours<\/p>\n\t\t\t\t\t\t\t\t<\/div><!-- .price -->\n\t\t\t\t\t\t\t\n\t\t\t\t\t\t\t\t\t\t\t<\/div><!-- .prices -->\n\t\t\t\t\t\t\t<\/div><!-- .text -->\n\n\t\t<\/div><!-- .content -->\n\t<\/div><!-- .equipment -->\n\n\t\t\t\t\t\t\t\t\t\t\n\t<div class=\"equipment\">\n\t\t<div class=\"content\">\n\n\t\t\t<div class=\"image\">\n\t\t\t\t\t\t\t\t\t<img decoding=\"async\" src=\"https:\/\/luonnollisesti.fi\/wp-content\/uploads\/2025\/07\/vuokrattavat-sa-int-polkypyorat-kajaani-luonnollisesti-oulujarvi-300x300.jpg\" loading=\"lazy\" width=\"300\" height=\"300\" srcset=\"https:\/\/luonnollisesti.fi\/wp-content\/uploads\/2025\/07\/vuokrattavat-sa-int-polkypyorat-kajaani-luonnollisesti-oulujarvi-300x300.jpg 300w, https:\/\/luonnollisesti.fi\/wp-content\/uploads\/2025\/07\/vuokrattavat-sa-int-polkypyorat-kajaani-luonnollisesti-oulujarvi-150x150.jpg 150w, https:\/\/luonnollisesti.fi\/wp-content\/uploads\/2025\/07\/vuokrattavat-sa-int-polkypyorat-kajaani-luonnollisesti-oulujarvi.jpg 350w\" alt=\"vuokrattava sa-int polkupy\u00f6r\u00e4 kajaani, rental bicycle in kajaani, arctic lakeland\">\n\t\t\t\t\t\t\t<\/div><!-- .image -->\n\n\t\t\t<div class=\"text\">\n\t\t\t\t<div class=\"description\">\n\t\t\t\t\t\t\t\t\t\t\t<p class=\"heading\">SA-int model bicycle<\/p>\n\t\t\t\t\t\n\t\t\t\t\t\t\t\t\t\t\t<p class=\"hyphenate\">A fixed-gear bicycle decommissioned by the army, auctioned off for the benefit of war veterans.<\/p>\n\t\t\t\t\t\n\t\t\t\t\t\t\t\t\t<\/div><!-- .description -->\n\t\t\t\t\n\t\t\t\t\t\t\t\t\t<div class=\"prices\">\n\t\t\t\t\t\t\t\t\t\t\t\t\t\n\t\t\t\t\t\t\t\t\t\t\t\t\t\t\t<div class=\"price\">\n\t\t\t\t\t\t\t\t\t<p class=\"number\">15 \u20ac<\/p>\n\t\t\t\t\t\t\t\t\t<p class=\"detail\">3 hours<\/p>\n\t\t\t\t\t\t\t\t<\/div><!-- .price -->\n\t\t\t\t\t\t\t\n\t\t\t\t\t\t\t\t\t\t\t\t\t\n\t\t\t\t\t\t\t\t\t\t\t\t\t\t\t<div class=\"price\">\n\t\t\t\t\t\t\t\t\t<p class=\"number\">20 \u20ac<\/p>\n\t\t\t\t\t\t\t\t\t<p class=\"detail\">6 hours<\/p>\n\t\t\t\t\t\t\t\t<\/div><!-- .price -->\n\t\t\t\t\t\t\t\n\t\t\t\t\t\t\t\t\t\t\t<\/div><!-- .prices -->\n\t\t\t\t\t\t\t<\/div><!-- .text -->\n\n\t\t<\/div><!-- .content -->\n\t<\/div><!-- .equipment -->\n\n\t\t\t\t\t\t\t\t\t\t\n\t<div class=\"equipment\">\n\t\t<div class=\"content\">\n\n\t\t\t<div class=\"image\">\n\t\t\t\t\t\t\t\t\t<img decoding=\"async\" src=\"https:\/\/luonnollisesti.fi\/wp-content\/uploads\/2025\/07\/vuokrattavat-liukulumikengat-kajaani-luonnollisesti-oulujarvi-300x300.jpg\" loading=\"lazy\" width=\"300\" height=\"300\" srcset=\"https:\/\/luonnollisesti.fi\/wp-content\/uploads\/2025\/07\/vuokrattavat-liukulumikengat-kajaani-luonnollisesti-oulujarvi-300x300.jpg 300w, https:\/\/luonnollisesti.fi\/wp-content\/uploads\/2025\/07\/vuokrattavat-liukulumikengat-kajaani-luonnollisesti-oulujarvi-150x150.jpg 150w, https:\/\/luonnollisesti.fi\/wp-content\/uploads\/2025\/07\/vuokrattavat-liukulumikengat-kajaani-luonnollisesti-oulujarvi.jpg 350w\" alt=\"vuokrattavat liukulumikeng\u00e4t kajaani, rental ice skates in kajaani, arctic lakeland\">\n\t\t\t\t\t\t\t<\/div><!-- .image -->\n\n\t\t\t<div class=\"text\">\n\t\t\t\t<div class=\"description\">\n\t\t\t\t\t\t\t\t\t\t\t<p class=\"heading\">Sledding shoes<\/p>\n\t\t\t\t\t\n\t\t\t\t\t\t\t\t\t\t\t<p class=\"hyphenate\">Mohair-lined, metal-tipped sliding skis and poles<\/p>\n\t\t\t\t\t\n\t\t\t\t\t\t\t\t\t<\/div><!-- .description -->\n\t\t\t\t\n\t\t\t\t\t\t\t\t\t<div class=\"prices\">\n\t\t\t\t\t\t\t\t\t\t\t\t\t\n\t\t\t\t\t\t\t\t\t\t\t\t\t\t\t<div class=\"price\">\n\t\t\t\t\t\t\t\t\t<p class=\"number\">15 \u20ac<\/p>\n\t\t\t\t\t\t\t\t\t<p class=\"detail\">3 hours<\/p>\n\t\t\t\t\t\t\t\t<\/div><!-- .price -->\n\t\t\t\t\t\t\t\n\t\t\t\t\t\t\t\t\t\t\t\t\t\n\t\t\t\t\t\t\t\t\t\t\t\t\t\t\t<div class=\"price\">\n\t\t\t\t\t\t\t\t\t<p class=\"number\">30 \u20ac<\/p>\n\t\t\t\t\t\t\t\t\t<p class=\"detail\">6 hours<\/p>\n\t\t\t\t\t\t\t\t<\/div><!-- .price -->\n\t\t\t\t\t\t\t\n\t\t\t\t\t\t\t\t\t\t\t<\/div><!-- .prices -->\n\t\t\t\t\t\t\t<\/div><!-- .text -->\n\n\t\t<\/div><!-- .content -->\n\t<\/div><!-- .equipment -->\n\n\t\t\t\t\t\t\t\t\t\t\n\t<div class=\"equipment\">\n\t\t<div class=\"content\">\n\n\t\t\t<div class=\"image\">\n\t\t\t\t\t\t\t\t\t<img decoding=\"async\" src=\"https:\/\/luonnollisesti.fi\/wp-content\/uploads\/2025\/07\/vuokrattavat-retkiluistimet-kajaani-luonnollisesti-oulujarvi-300x300.jpg\" loading=\"lazy\" width=\"300\" height=\"300\" srcset=\"https:\/\/luonnollisesti.fi\/wp-content\/uploads\/2025\/07\/vuokrattavat-retkiluistimet-kajaani-luonnollisesti-oulujarvi-300x300.jpg 300w, https:\/\/luonnollisesti.fi\/wp-content\/uploads\/2025\/07\/vuokrattavat-retkiluistimet-kajaani-luonnollisesti-oulujarvi-150x150.jpg 150w, https:\/\/luonnollisesti.fi\/wp-content\/uploads\/2025\/07\/vuokrattavat-retkiluistimet-kajaani-luonnollisesti-oulujarvi.jpg 350w\" alt=\"vuokrattavat retkiluistimet kajaani, rental ice skates in kajaani, arctic lakeland\">\n\t\t\t\t\t\t\t<\/div><!-- .image -->\n\n\t\t\t<div class=\"text\">\n\t\t\t\t<div class=\"description\">\n\t\t\t\t\t\t\t\t\t\t\t<p class=\"heading\">Touring skates<\/p>\n\t\t\t\t\t\n\t\t\t\t\t\t\t\t\t\t\t<p class=\"hyphenate\">There are two pairs of touring skates with SNS bindings, SNS bindings suitable for sizes 38 and 42, and two pairs with bindings suitable for hard-soled shoes such as boots.<\/p>\n\t\t\t\t\t\n\t\t\t\t\t\t\t\t\t<\/div><!-- .description -->\n\t\t\t\t\n\t\t\t\t\t\t\t\t\t<div class=\"prices\">\n\t\t\t\t\t\t\t\t\t\t\t\t\t\n\t\t\t\t\t\t\t\t\t\t\t\t\t\t\t<div class=\"price\">\n\t\t\t\t\t\t\t\t\t<p class=\"number\">15 \u20ac<\/p>\n\t\t\t\t\t\t\t\t\t<p class=\"detail\">3 hours<\/p>\n\t\t\t\t\t\t\t\t<\/div><!-- .price -->\n\t\t\t\t\t\t\t\n\t\t\t\t\t\t\t\t\t\t\t\t\t\n\t\t\t\t\t\t\t\t\t\t\t\t\t\t\t<div class=\"price\">\n\t\t\t\t\t\t\t\t\t<p class=\"number\">30 \u20ac<\/p>\n\t\t\t\t\t\t\t\t\t<p class=\"detail\">6 hours<\/p>\n\t\t\t\t\t\t\t\t<\/div><!-- .price -->\n\t\t\t\t\t\t\t\n\t\t\t\t\t\t\t\t\t\t\t<\/div><!-- .prices -->\n\t\t\t\t\t\t\t<\/div><!-- .text -->\n\n\t\t<\/div><!-- .content -->\n\t<\/div><!-- .equipment -->\n\n\t\t\t\t\t\n\t\t\t<\/div><!-- .equipments-block__content__grid -->\n\t\t<\/div><!-- .equipments-block__content -->\n\n\t\n<\/div>\n\n\n\n<div style=\"height:4em\" aria-hidden=\"true\" class=\"wp-block-spacer\"><\/div>\n","protected":false},"excerpt":{"rendered":"<p>Equipment rentalKajaani, rikulantie Our rental property at Rikulantie 10 is open year-round by agreement. Equipment rental\u00c4rj\u00e4nsaari Island The \u00c4rj\u00e4nsaari rental shop operates in conjunction with the summer kiosk and is open from June 1 to August 15 every day from 11 a.m. to 4 p.m. or by appointment. Equipment rentalKajaani, Py\u00f6rre Farm You can inquire [&hellip;]<\/p>\n","protected":false},"author":1,"featured_media":0,"parent":0,"menu_order":0,"comment_status":"closed","ping_status":"closed","template":"","meta":{"_acf_changed":false,"footnotes":""},"class_list":["post-653","page","type-page","status-publish","hentry"],"acf":[],"_links":{"self":[{"href":"https:\/\/luonnollisesti.fi\/en\/wp-json\/wp\/v2\/pages\/653","targetHints":{"allow":["GET"]}}],"collection":[{"href":"https:\/\/luonnollisesti.fi\/en\/wp-json\/wp\/v2\/pages"}],"about":[{"href":"https:\/\/luonnollisesti.fi\/en\/wp-json\/wp\/v2\/types\/page"}],"author":[{"embeddable":true,"href":"https:\/\/luonnollisesti.fi\/en\/wp-json\/wp\/v2\/users\/1"}],"replies":[{"embeddable":true,"href":"https:\/\/luonnollisesti.fi\/en\/wp-json\/wp\/v2\/comments?post=653"}],"version-history":[{"count":1,"href":"https:\/\/luonnollisesti.fi\/en\/wp-json\/wp\/v2\/pages\/653\/revisions"}],"predecessor-version":[{"id":655,"href":"https:\/\/luonnollisesti.fi\/en\/wp-json\/wp\/v2\/pages\/653\/revisions\/655"}],"wp:attachment":[{"href":"https:\/\/luonnollisesti.fi\/en\/wp-json\/wp\/v2\/media?parent=653"}],"curies":[{"name":"wp","href":"https:\/\/api.w.org\/{rel}","templated":true}]}}